{"id":2844,"date":"2013-07-04T03:35:32","date_gmt":"2013-07-04T07:35:32","guid":{"rendered":"http:\/\/www.etotheipiplusone.net\/?page_id=2844"},"modified":"2021-01-16T17:42:29","modified_gmt":"2021-01-16T21:42:29","slug":"uberclocker-advance","status":"publish","type":"page","link":"https:\/\/www.etotheipiplusone.net\/?page_id=2844","title":{"rendered":"\u00dcberclocker ADVANCE"},"content":{"rendered":"<p style=\"text-align: center;\"><a href=\"https:\/\/www.etotheipiplusone.net\/pics\/cb3\/cb3_9000.jpg\"><img loading=\"lazy\" decoding=\"async\" class=\"aligncenter\" src=\"https:\/\/www.etotheipiplusone.net\/pics\/cb3\/cb3_9000.jpg\" alt=\"\u00dcberclocker\" width=\"512\" height=\"384\"><\/a><\/p>\n<p>\u00dcberclocker Advance is the newest generation of my 30lb Sportsman&#8217;s class design, \u00dcberclocker. It retains the classic clamping-lifting fork arrangement of \u00dcberlocker Remix and the original \u00dcberclocker, but has significant practical design upgrades which make it quicker and more reliable. For example, it features the highest ground clearance of any combat robot I&#8217;ve built, on purpose, in order to expand the domain of possible escapes from opponent lifting attacks; this is in stark contrast to my historic preferred method of staying as low to the ground as possible. The bot is the first application of my custom-designed (now commercial) motor controller, the <a href=\"http:\/\/e0designs.com\/products\/ragebridge\/\" target=\"_blank\" rel=\"noopener\">RageBridge<\/a>, and also my <a href=\"http:\/\/e0designs.com\/products\/dewut-3-speed-gearmotor-kit\/\" target=\"_blank\" rel=\"noopener\">DeWalt transmission mounts<\/a>. This combination of more heavy duty parts means the bot can go faster, be more maneuverable, and hopefully be more durable. Unlike the previous \u00dcberclocker, the weight is more centered instead of rear-biased, contributing to handling, and the anti-dive leverage (for when a 30lb opponent is in the forks) is provided by much longer spring-loaded legs (or &#8220;reactive outriggers&#8221;)&nbsp; than before.<\/p>\n<hr>\n<p style=\"text-align: center;\"><strong>\u00dcberclocker Advance<br \/>\n<\/strong><\/p>\n<table width=\"512\" cellspacing=\"5\" cellpadding=\"0\" border=\"0\" align=\"center\">\n<tbody>\n<tr>\n<td width=\"72\" valign=\"top\" height=\"32\"><strong>Weapon<\/strong><\/td>\n<td valign=\"top\">Actuated aluminum fork assembly with overhead clamping bar<\/td>\n<\/tr>\n<tr>\n<td width=\"72\" valign=\"top\" height=\"32\"><strong>Chassis<\/strong><\/td>\n<td valign=\"top\">15&#8243; x 19&#8243; x 2.5&#8243; Chassis only<br \/>\n25&#8243; x 19&#8243; x 6&#8243; with forks and tines<br \/>\n7075, 6061 waterjet-cut aluminum frame<\/td>\n<\/tr>\n<tr>\n<td width=\"72\" valign=\"top\" height=\"32\"><strong>Mechanical<\/strong><\/td>\n<td valign=\"top\">Four wheel drive<br \/>\n2x <a href=\"http:\/\/e0designs.com\/products\/dewut-3-speed-gearmotor-kit\/\" target=\"_blank\" rel=\"noopener\">DeWut?!<\/a> with 18v motors<br \/>\n260:1 geared DeWalt 18v motor lifter drive<br \/>\nSpring-loaded front support legs<\/td>\n<\/tr>\n<tr>\n<td width=\"72\" valign=\"top\" height=\"32\"><strong>Electrical<\/strong><\/td>\n<td valign=\"top\">Spektrum DSM 2.4Ghz radio system<br \/>\n25.9V 4.4Ah Lithium Polymer battery pack<br \/>\n<a href=\"http:\/\/e0designs.com\/products\/ragebridge\/\" target=\"_blank\" rel=\"noopener\">RageBridge<\/a> controllers<\/td>\n<\/tr>\n<tr>\n<td width=\"72\" valign=\"top\" height=\"32\"><strong>Competition<\/strong><\/td>\n<td valign=\"top\">Motorama Robot Conflict 2013<br \/>\n<strong><span style=\"color: #999999;\">Robot Battles 2013<\/span><\/strong><br \/>\n<span style=\"color: #999999;\"><strong>Motorama Robot Conflict 2014<\/strong><\/span><br \/>\n<span style=\"color: #ffff00;\"><strong>Robot Battles 2014<\/strong><\/span><br \/>\nMotorama Robot Conflict 2015<br \/>\nRobot Battles 2015<br \/>\n<span style=\"color: #ffff00;\"><strong>Franklin Institute Robot Conflict 2015<\/strong><\/span><\/td>\n<\/tr>\n<\/tbody>\n<\/table>\n<hr>\n<p>\u00dcberclocker&#8217;s build report can be found in its<a href=\"https:\/\/www.etotheipiplusone.net\/?cat=55\" target=\"_self\" rel=\"noopener\"> category<\/a>.<\/p>\n<p>\u00dcberclocker Remix&#8217;s build reports are in a <a href=\"https:\/\/www.etotheipiplusone.net\/?cat=59\" target=\"_blank\" rel=\"noopener\">separate category<\/a>.<\/p>\n<p>And \u00dcberclocker Advance&#8217;s build reports are <a href=\"https:\/\/www.etotheipiplusone.net\/?cat=101\" target=\"_blank\" rel=\"noopener\">in its category too<\/a>.<\/p>\n","protected":false},"excerpt":{"rendered":"<p>\u00dcberclocker Advance is the newest generation of my 30lb Sportsman&#8217;s class design, \u00dcberclocker. It retains the classic clamping-lifting fork arrangement of \u00dcberlocker Remix and the original \u00dcberclocker, but has significant practical design upgrades which make it quicker and more reliable. For example, it features the highest ground clearance of any combat robot I&#8217;ve built, on [&hellip;]<\/p>\n","protected":false},"author":1,"featured_media":0,"parent":6,"menu_order":0,"comment_status":"closed","ping_status":"open","template":"","meta":{"footnotes":""},"class_list":["post-2844","page","type-page","status-publish","hentry"],"_links":{"self":[{"href":"https:\/\/www.etotheipiplusone.net\/index.php?rest_route=\/wp\/v2\/pages\/2844","targetHints":{"allow":["GET"]}}],"collection":[{"href":"https:\/\/www.etotheipiplusone.net\/index.php?rest_route=\/wp\/v2\/pages"}],"about":[{"href":"https:\/\/www.etotheipiplusone.net\/index.php?rest_route=\/wp\/v2\/types\/page"}],"author":[{"embeddable":true,"href":"https:\/\/www.etotheipiplusone.net\/index.php?rest_route=\/wp\/v2\/users\/1"}],"replies":[{"embeddable":true,"href":"https:\/\/www.etotheipiplusone.net\/index.php?rest_route=%2Fwp%2Fv2%2Fcomments&post=2844"}],"version-history":[{"count":5,"href":"https:\/\/www.etotheipiplusone.net\/index.php?rest_route=\/wp\/v2\/pages\/2844\/revisions"}],"predecessor-version":[{"id":5097,"href":"https:\/\/www.etotheipiplusone.net\/index.php?rest_route=\/wp\/v2\/pages\/2844\/revisions\/5097"}],"up":[{"embeddable":true,"href":"https:\/\/www.etotheipiplusone.net\/index.php?rest_route=\/wp\/v2\/pages\/6"}],"wp:attachment":[{"href":"https:\/\/www.etotheipiplusone.net\/index.php?rest_route=%2Fwp%2Fv2%2Fmedia&parent=2844"}],"curies":[{"name":"wp","href":"https:\/\/api.w.org\/{rel}","templated":true}]}}